{"id":384,"date":"2026-02-16T08:58:20","date_gmt":"2026-02-16T08:58:20","guid":{"rendered":"https:\/\/lmv.se\/?page_id=384"},"modified":"2026-02-19T13:57:21","modified_gmt":"2026-02-19T13:57:21","slug":"certifieringar","status":"publish","type":"page","link":"https:\/\/lmv.se\/en\/certifieringar\/","title":{"rendered":"Certifieringar"},"content":{"rendered":"<div data-elementor-type=\"wp-page\" data-elementor-id=\"384\" class=\"elementor elementor-384\" data-elementor-post-type=\"page\">\n\t\t\t\t<div class=\"elementor-element elementor-element-35db3fd6 e-con-full e-flex e-con e-parent\" data-id=\"35db3fd6\" data-element_type=\"container\" data-e-type=\"container\" data-settings=\"{&quot;background_background&quot;:&quot;classic&quot;}\">\n\t\t<div class=\"elementor-element elementor-element-22503e82 e-flex e-con-boxed e-con e-child\" data-id=\"22503e82\" data-element_type=\"container\" data-e-type=\"container\">\n\t\t\t\t\t<div class=\"e-con-inner\">\n\t\t\t\t<div class=\"elementor-element elementor-element-550fd30e elementor-widget__width-inherit elementor-widget elementor-widget-heading\" data-id=\"550fd30e\" data-element_type=\"widget\" data-e-type=\"widget\" data-widget_type=\"heading.default\">\n\t\t\t\t\t<h2 class=\"elementor-heading-title elementor-size-default\">CERTIFIERINGAR<\/h2>\t\t\t\t<\/div>\n\t\t<div class=\"elementor-element elementor-element-56eaff69 e-con-full e-flex e-con e-child\" data-id=\"56eaff69\" data-element_type=\"container\" data-e-type=\"container\">\n\t\t\t\t<div class=\"elementor-element elementor-element-2c59201c elementor-widget elementor-widget-text-editor\" data-id=\"2c59201c\" data-element_type=\"widget\" data-e-type=\"widget\" data-widget_type=\"text-editor.default\">\n\t\t\t\t\t\t\t\t\t<p class=\"p1\">F\u00f6r oss \u00e4r ISO-certifieringar ett tydligt bevis p\u00e5 v\u00e5rt engagemang f\u00f6r kvalitet, effektivitet och h\u00e5llbarhet. Genom att arbeta enligt internationella standarder s\u00e4kerst\u00e4ller vi att v\u00e5ra processer lever upp till h\u00f6ga krav p\u00e5 kvalitet, milj\u00f6h\u00e4nsyn och arbetsmilj\u00f6. Certifieringarna st\u00e4rker f\u00f6rtroendet hos b\u00e5de kunder och partners, samtidigt som de driver v\u00e5rt arbete med kontinuerliga f\u00f6rb\u00e4ttringar och skapar f\u00f6ruts\u00e4ttningar f\u00f6r l\u00e5ngsiktig framg\u00e5ng.<\/p>\t\t\t\t\t\t\t\t<\/div>\n\t\t\t\t<\/div>\n\t\t\t\t\t<\/div>\n\t\t\t\t<\/div>\n\t\t<div class=\"elementor-element elementor-element-59a09aaa e-con-full e-flex e-con e-child\" data-id=\"59a09aaa\" data-element_type=\"container\" data-e-type=\"container\">\n\t\t\t\t<div class=\"elementor-element elementor-element-29d702b1 elementor-cta--layout-image-right elementor-cta--mobile-layout-image-above elementor-widget__width-inherit elementor-cta--skin-classic elementor-animated-content elementor-widget elementor-widget-call-to-action\" data-id=\"29d702b1\" data-element_type=\"widget\" data-e-type=\"widget\" data-widget_type=\"call-to-action.default\">\n\t\t\t\t\t\t\t<a class=\"elementor-cta\" href=\"https:\/\/lmv.se\/wp-content\/uploads\/2026\/02\/L.M.V-Motala-AB-Certifikat-ISO-9001-14001_2025-2.pdf\" target=\"_blank\">\n\t\t\t\t\t<div class=\"elementor-cta__bg-wrapper\">\n\t\t\t\t<div class=\"elementor-cta__bg elementor-bg\" style=\"background-image: url(https:\/\/lmv.se\/wp-content\/uploads\/2026\/02\/anhede-171220-145909-00800-web.jpg);\" role=\"img\" aria-label=\"anhede-171220-145909-00800-web\"><\/div>\n\t\t\t\t<div class=\"elementor-cta__bg-overlay\"><\/div>\n\t\t\t<\/div>\n\t\t\t\t\t\t\t<div class=\"elementor-cta__content\">\n\t\t\t\t\n\t\t\t\t\t\t\t\t\t<h2 class=\"elementor-cta__title elementor-cta__content-item elementor-content-item\">\n\t\t\t\t\t\tISO 9001\t\t\t\t\t<\/h2>\n\t\t\t\t\n\t\t\t\t\n\t\t\t\t\t\t\t\t\t<div class=\"elementor-cta__button-wrapper elementor-cta__content-item elementor-content-item\">\n\t\t\t\t\t<span class=\"elementor-cta__button elementor-button elementor-size-\">\n\t\t\t\t\t\tLADDA NER CERTIFIKAT &gt;\t\t\t\t\t<\/span>\n\t\t\t\t\t<\/div>\n\t\t\t\t\t\t\t<\/div>\n\t\t\t\t\t\t<\/a>\n\t\t\t\t\t\t<\/div>\n\t\t\t\t<div class=\"elementor-element elementor-element-15d3e8bd elementor-cta--layout-image-left elementor-cta--mobile-layout-image-above elementor-widget__width-inherit elementor-cta--skin-classic elementor-animated-content elementor-widget elementor-widget-call-to-action\" data-id=\"15d3e8bd\" data-element_type=\"widget\" data-e-type=\"widget\" data-widget_type=\"call-to-action.default\">\n\t\t\t\t\t\t\t<a class=\"elementor-cta\" href=\"https:\/\/lmv.se\/wp-content\/uploads\/2026\/02\/L.M.V-Motala-AB-Certifikat-ISO-9001-14001_2025-2.pdf\">\n\t\t\t\t\t<div class=\"elementor-cta__bg-wrapper\">\n\t\t\t\t<div class=\"elementor-cta__bg elementor-bg\" style=\"background-image: url(https:\/\/lmv.se\/wp-content\/uploads\/2026\/02\/NanoBananaPro-free-EpfniiUX7mll7P2m43Jjfq6vSCryqgAzub0.jpg);\" role=\"img\" aria-label=\"NanoBananaPro-free-EpfniiUX7mll7P2m43Jjfq6vSCryqgAzub0\"><\/div>\n\t\t\t\t<div class=\"elementor-cta__bg-overlay\"><\/div>\n\t\t\t<\/div>\n\t\t\t\t\t\t\t<div class=\"elementor-cta__content\">\n\t\t\t\t\n\t\t\t\t\t\t\t\t\t<h2 class=\"elementor-cta__title elementor-cta__content-item elementor-content-item\">\n\t\t\t\t\t\tISO 14001\t\t\t\t\t<\/h2>\n\t\t\t\t\n\t\t\t\t\n\t\t\t\t\t\t\t\t\t<div class=\"elementor-cta__button-wrapper elementor-cta__content-item elementor-content-item\">\n\t\t\t\t\t<span class=\"elementor-cta__button elementor-button elementor-size-\">\n\t\t\t\t\t\tLADDA NER CERTIFIKAT &gt;\t\t\t\t\t<\/span>\n\t\t\t\t\t<\/div>\n\t\t\t\t\t\t\t<\/div>\n\t\t\t\t\t\t<\/a>\n\t\t\t\t\t\t<\/div>\n\t\t\t\t<\/div>\n\t\t\t\t<\/div>\n\t\t\t\t<\/div>","protected":false},"excerpt":{"rendered":"<p>CERTIFIERINGAR F\u00f6r oss \u00e4r ISO-certifieringar ett tydligt bevis p\u00e5 v\u00e5rt engagemang f\u00f6r kvalitet, effektivitet och h\u00e5llbarhet. Genom att arbeta enligt internationella standarder s\u00e4kerst\u00e4ller vi att v\u00e5ra processer lever upp till h\u00f6ga krav p\u00e5 kvalitet, milj\u00f6h\u00e4nsyn och arbetsmilj\u00f6. Certifieringarna st\u00e4rker f\u00f6rtroendet hos b\u00e5de kunder och partners, samtidigt som de driver v\u00e5rt arbete med kontinuerliga f\u00f6rb\u00e4ttringar och [&hellip;]<\/p>\n","protected":false},"author":1,"featured_media":0,"parent":0,"menu_order":0,"comment_status":"closed","ping_status":"closed","template":"","meta":{"footnotes":""},"class_list":["post-384","page","type-page","status-publish","hentry"],"_links":{"self":[{"href":"https:\/\/lmv.se\/en\/wp-json\/wp\/v2\/pages\/384","targetHints":{"allow":["GET"]}}],"collection":[{"href":"https:\/\/lmv.se\/en\/wp-json\/wp\/v2\/pages"}],"about":[{"href":"https:\/\/lmv.se\/en\/wp-json\/wp\/v2\/types\/page"}],"author":[{"embeddable":true,"href":"https:\/\/lmv.se\/en\/wp-json\/wp\/v2\/users\/1"}],"replies":[{"embeddable":true,"href":"https:\/\/lmv.se\/en\/wp-json\/wp\/v2\/comments?post=384"}],"version-history":[{"count":7,"href":"https:\/\/lmv.se\/en\/wp-json\/wp\/v2\/pages\/384\/revisions"}],"predecessor-version":[{"id":475,"href":"https:\/\/lmv.se\/en\/wp-json\/wp\/v2\/pages\/384\/revisions\/475"}],"wp:attachment":[{"href":"https:\/\/lmv.se\/en\/wp-json\/wp\/v2\/media?parent=384"}],"curies":[{"name":"wp","href":"https:\/\/api.w.org\/{rel}","templated":true}]}}